{"id":860,"date":"2024-01-30T09:50:35","date_gmt":"2024-01-30T09:50:35","guid":{"rendered":"https:\/\/www.visitparis2024.com\/?page_id=860"},"modified":"2024-02-17T08:26:11","modified_gmt":"2024-02-17T08:26:11","slug":"tour-eiffel-2","status":"publish","type":"page","link":"https:\/\/www.visitparis2024.com\/?page_id=860","title":{"rendered":"Tour Eiffel"},"content":{"rendered":"<div>\u00a0Metro conseill\u00e9: Trocadero<\/div>\n<p><a title=\"Aller \u00e0 la Tour Eiffel (itin\u00e9raires)\" href=\"https:\/\/www.visitparis2024.com\/?page_id=1158\">\u00a0\u27a1\u00a0Aller \u00e0 la Tour Eiffel (itin\u00e9raires)<\/a><\/p>\n<p><a href=\"https:\/\/www.visitparis2024.com\/?page_id=1158\">\r\n            \r\n            \r\n            \r\n            <a name='map6'><\/a>\r\n            \r\n            \r\n            \r\n            \r\n            <div class=\"wpgmza_map \"  id=\"wpgmza_map_6\" style=\"display:block; overflow:auto; width:100%; height:400px; float:left;\" data-settings='{\"id\":\"6\",\"map_title\":\"Tour Eiffel\",\"map_width\":\"100\",\"map_height\":\"400\",\"map_start_lat\":\"48.859211581276114\",\"map_start_lng\":\"2.303499295689493\",\"map_start_location\":\"\",\"map_start_zoom\":\"14\",\"default_marker\":\"\",\"type\":\"1\",\"alignment\":\"0\",\"directions_enabled\":\"1\",\"styling_enabled\":\"0\",\"styling_json\":\"\",\"active\":\"0\",\"kml\":\"\",\"bicycle\":\"0\",\"traffic\":\"0\",\"dbox\":\"1\",\"dbox_width\":\"100\",\"listmarkers\":\"0\",\"listmarkers_advanced\":\"0\",\"filterbycat\":\"0\",\"ugm_enabled\":\"0\",\"ugm_category_enabled\":\"0\",\"fusion\":\"\",\"map_width_type\":\"%\",\"map_height_type\":\"px\",\"mass_marker_support\":\"0\",\"ugm_access\":\"0\",\"order_markers_by\":\"1\",\"order_markers_choice\":\"1\",\"show_user_location\":\"0\",\"default_to\":\"\",\"other_settings\":{\"map_type\":1,\"sl_stroke_color\":\"#ff0000\",\"sl_fill_color\":\"#ff0000\",\"sl_stroke_opacity\":\"1\",\"sl_fill_opacity\":\"0.5\",\"transport_layer\":false,\"action\":\"wpgmza_save_map\",\"redirect_to\":\"\\\/wp-admin\\\/admin-post.php\",\"map_id\":\"6\",\"http_referer\":\"\\\/wp-admin\\\/admin.php?page=wp-google-maps-menu&amp;amp;action=edit&amp;amp;map_id=6\",\"wpgmza_id\":\"6\",\"wpgmza_start_location\":\"48.859211581276114,2.303499295689493\",\"wpgmza_start_zoom\":\"14\",\"wpgmza_theme_data\":\"\",\"wpgmza_dbox_width_type\":\"%\",\"default_from\":\"\",\"directions_behaviour\":\"external\",\"force_google_directions_app\":false,\"directions_route_origin_icon\":\"https:\\\/\\\/www.visitparis2024.com\\\/wp-content\\\/plugins\\\/wp-google-maps\\\/images\\\/spotlight-poi3.png\",\"directions_origin_retina\":false,\"directions_route_destination_icon\":\"https:\\\/\\\/www.visitparis2024.com\\\/wp-content\\\/plugins\\\/wp-google-maps\\\/images\\\/spotlight-poi3.png\",\"directions_destination_retina\":false,\"directions_route_stroke_color\":\"#4f8df5\",\"directions_route_stroke_weight\":\"4\",\"directions_route_stroke_opacity\":\"0.8\",\"directions_fit_bounds_to_route\":false,\"store_locator_enabled\":false,\"store_locator_search_area\":\"radial\",\"wpgmza_store_locator_radius_style\":\"legacy\",\"wpgmza_store_locator_default_radius\":\"10\",\"store_locator_auto_area_max_zoom\":\"\",\"wpgmza_store_locator_restrict\":\"\",\"store_locator_distance\":false,\"wpgmza_store_locator_position\":false,\"store_locator_show_distance\":false,\"store_locator_category\":false,\"wpgmza_store_locator_use_their_location\":false,\"wpgmza_store_locator_bounce\":false,\"upload_default_sl_marker\":\"\",\"upload_default_sl_marker_retina\":false,\"wpgmza_sl_animation\":\"0\",\"wpgmza_store_locator_hide_before_search\":false,\"store_locator_query_string\":\"\",\"store_locator_location_placeholder\":\"\",\"store_locator_default_address\":\"\",\"store_locator_name_search\":false,\"store_locator_name_string\":\"\",\"store_locator_not_found_message\":\"\",\"retina\":false,\"wpgmza_map_align\":\"1\",\"upload_default_ul_marker\":\"\",\"upload_default_ul_marker_retina\":false,\"jump_to_nearest_marker_on_initialization\":false,\"automatically_pan_to_users_location\":false,\"override_users_location_zoom_level\":false,\"override_users_location_zoom_levels\":\"\",\"show_distance_from_location\":false,\"map_max_zoom\":\"21\",\"map_min_zoom\":\"0\",\"click_open_link\":false,\"fit_maps_bounds_to_markers\":false,\"fit_maps_bounds_to_markers_after_filtering\":false,\"hide_point_of_interest\":false,\"wpgmza_zoom_on_marker_click\":false,\"wpgmza_zoom_on_marker_click_slider\":\"\",\"close_infowindow_on_map_click\":false,\"disable_lightbox_images\":false,\"use_Raw_Jpeg_Coordinates\":false,\"polygon_labels\":false,\"disable_polygon_info_windows\":false,\"enable_advanced_custom_fields_integration\":false,\"enable_toolset_woocommerce_integration\":false,\"enable_woo_product_integration\":false,\"only_load_markers_within_viewport\":false,\"iw_primary_color\":\"#000000\",\"iw_accent_color\":\"#000000\",\"iw_text_color\":\"#000000\",\"wpgmza_listmarkers_by\":\"0\",\"wpgmza_marker_listing_position\":false,\"wpgmza_push_in_map\":false,\"wpgmza_push_in_map_placement\":\"1\",\"wpgmza_push_in_map_width\":\"\",\"wpgmza_push_in_map_height\":\"\",\"zoom_level_on_marker_listing_override\":false,\"zoom_level_on_marker_listing_click\":\"\",\"marker_listing_disable_zoom\":false,\"datatable_no_result_message\":\"\",\"remove_search_box_datables\":false,\"dataTable_pagination_style\":\"default\",\"datatable_search_string\":\"\",\"datatable_result_start\":\"\",\"datatable_result_of\":\"\",\"datatable_result_to\":\"\",\"datatable_result_total\":\"\",\"datatable_result_show\":\"\",\"datatable_result_entries\":\"\",\"wpgmza_savemap\":\"Enregistrer la carte \\u00bb\",\"shortcodeAttributes\":{\"id\":\"6\"}}}' data-map-id='6' data-shortcode-attributes='{\"id\":\"6\"}'> <\/div>\r\n            \r\n               \r\n        <div style=\"display:block; width:100%;\">\r\n\t\t\t\t\r\n\t\t\t\t<div class=\"wpgmza-directions-box wpgmaps_directions_outer_div\" data-map-id=\"6\" style=\"width:100%;display:none;clear:both;\" id=\"wpgmaps_directions_edit_6\">\r\n\t<h2 class=\"wpgmza-directions-box__title\">Itin\u00e9raires<\/h2>\r\n\t\r\n\t<div class=\"wpgmza-directions-box-inner\" id=\"wpgmaps_directions_editbox_6\">\r\n\t\t<div class=\"wpgmza-directions-actions wpgmza-form-field\">\r\n\t\t\t<div class=\"wpgmza-directions__travel-mode\">\r\n\t\t\t\t<span class=\"wpgmza-travel-mode-option wpgmza-travel-option__selected\" data-mode=\"driving\">\r\n\t\t\t\t\t<img decoding=\"async\" src=\"https:\/\/www.visitparis2024.com\/wp-content\/plugins\/wp-google-maps-pro\/images\/icons\/directions_car.png\">\r\n\t\t\t\t<\/span>\r\n\t\t\t\t<span class=\"wpgmza-travel-mode-option\" data-mode=\"walking\">\r\n\t\t\t\t\t<img decoding=\"async\" src=\"https:\/\/www.visitparis2024.com\/wp-content\/plugins\/wp-google-maps-pro\/images\/icons\/directions_walking.png\">\r\n\t\t\t\t<\/span>\r\n\t\t\t\t<span class=\"wpgmza-travel-mode-option\" data-mode=\"transit\">\r\n\t\t\t\t\t<img decoding=\"async\" src=\"https:\/\/www.visitparis2024.com\/wp-content\/plugins\/wp-google-maps-pro\/images\/icons\/directions_transit.png\">\r\n\t\t\t\t<\/span>\r\n\t\t\t\t<span class=\"wpgmza-travel-mode-option\" data-mode=\"bicycling\">\r\n\t\t\t\t\t<img decoding=\"async\" src=\"https:\/\/www.visitparis2024.com\/wp-content\/plugins\/wp-google-maps-pro\/images\/icons\/directions_bike.png\">\r\n\t\t\t\t<\/span>\r\n\t\t\t<\/div>\r\n\r\n\t\t\t<div class=\"wpgmza-directions-locations\">\r\n\t\t\t\t<div class=\"wpgmza-directions-from wpgmza-form-field\">\r\n\r\n\t\t\t\t\t<i class=\"wpgmza-directions-from__icon fa fa-circle\"><\/i>\r\n\t\t\t\r\n\t\t\t\t\t<label class=\"wpgmza-form-field__label\" for=\"wpgmza_input_from_6\">\r\n\t\t\t\t\t\tDepuis\t\t\t\t\t<\/label>\r\n\t\t\t\t\t\r\n\t\t\t\t\t<input class=\"wpgmza-address wpgmza-directions-from wpgmza-form-field__input\" type=\"text\" placeholder=\"Depuis\" value=\"\" id=\"wpgmza_input_from_6\">\r\n\t\t\t\t\r\n\t\t\t\t<\/div>\r\n\r\n\t\t\t\t<div class=\"wpgmza-directions-to wpgmza-form-field wpgmaps_to_row\">\r\n\r\n\t\t\t\t\t<i class=\"wpgmza-directions-to__icon fa fas fa-map-marker\"><\/i>\r\n\r\n\t\t\t\t\t<label class=\"wpgmza-form-field__label\" for=\"wpgmza_input_to_6\">\r\n\t\t\t\t\t\tVers\t\t\t\t\t<\/label>\r\n\t\t\t\t\t<input class=\"wpgmza-address wpgmza-form-field__input wpgmza-directions-to\" type=\"text\" placeholder=\"Vers\" value=\"\" id=\"wpgmza_input_to_6\">\r\n\t\t\t\t<\/div>\r\n\t\t\t\t\r\n\t\t\t\t<div class=\"wpgmza-waypoint-via wpgmza-form-field wpgmza-form-field--no-pad wpgmaps_via wpgmaps_template\">\r\n\r\n\t\t\t\t\t<i class=\"wpgmza-directions-from__icon fa fa-circle\"><\/i>\r\n\t\t\t\t\r\n\t\t\t\t\t<input class=\"wpgmza-waypoint-via wpgmza-form-field__input wpgmaps_via\" type=\"text\" placeholder=\"Via\">\r\n\t\t\t\t\t\r\n\t\t\t\t\t<button href=\"javascript:%20;\" class=\"wpgmza_remove_via\">\r\n\t\t\t\t\t\t<i class=\"fa fa-times\"><\/i>\r\n\t\t\t\t\t<\/button>\r\n\t\t\t\t\t\r\n\t\t\t\t<\/div>\r\n\t\t\t\t\r\n\t\t\t\t<div class=\"wpgmza-add-waypoint wpgmza-form-field wpgmza-form-field--no-pad wpgmaps_add_waypoint\">\r\n\t\t\t\t\t<div class=\"wpgmaps_add_waypoint\">\r\n\t\t\t\t\t\t<a href=\"javascript:%20;\" class=\"wpgmaps_add_waypoint\" mapid=\"6\">\r\n\t\t\t\t\t\t\t<i class=\"fa fa-plus-circle\" aria-hidden=\"true\"><\/i>\r\n\t\t\t\t\t\t\tAjouter un polygone\t\t\t\t\t\t<\/a>\r\n\t\t\t\t\t<\/div>\r\n\t\t\t\t<\/div>\r\n\t\t\t<\/div>\r\n\r\n\t\t\t<div class=\"wpgmza-hidden\">\r\n\t\t\t<label class=\"wpgmza-travel-mode wpgmza-form-field__label\" for=\"wpgmza_dir_type_6\">\r\n\t\t\t\tPour\t\t\t<\/label>\r\n\t\t\t<select class=\"wpgmza-travel-mode wpgmza-form-field__input\" name=\"wpgmza_dir_type_6\" id=\"wpgmza_dir_type_6\">\r\n\t\t\t\t<option value=\"driving\">\r\n\t\t\t\t\tEn voiture\t\t\t\t<\/option>\r\n\t\t\t\t<option value=\"walking\">\r\n\t\t\t\t\tA pied\t\t\t\t<\/option>\r\n\t\t\t\t<option value=\"transit\">\r\n\t\t\t\t\tCouche Transport en commun\t\t\t\t<\/option>\r\n\t\t\t\t<option value=\"bicycling\">\r\n\t\t\t\t\tA v\u00e9lo\t\t\t\t<\/option>\r\n\t\t\t<\/select>\r\n\t\t\t<\/div>\r\n\t\t<\/div>\r\n\t\t\t\r\n\t\t<div class=\"wpgmza-directions-options__section\">\r\n\t\t\t<a href=\"javascript:;\" class=\"wpgmza-show-directions-options\" id=\"wpgmza_show_options_6\" mapid=\"6\">\r\n\t\t\t\tafficher les options\t\t\t<\/a>\r\n\t\t\t\r\n\t\t\t<a href=\"javascript:;\" class=\"wpgmza-hide-directions-options\" id=\"wpgmza_hide_options_6\" mapid=\"6\">\r\n\t\t\t\tCacher les options\t\t\t<\/a>\r\n\t\t\t\r\n\t\t\t<div class=\"wpgmza-directions-options wpgmza-form-field wpgmza-form-field--no-pad wpgmza_dir_options\">\r\n\t\t\t\t<label class=\"class\">\r\n\t\t\t\t\t<input type=\"checkbox\" class=\"wpgmza-avoid-tolls\" value=\"tolls\" name=\"wpgmza_tolls_6\" id=\"wpgmza_tolls_6\">\r\n\t\t\t\t\tEviter les p\u00e9ages\t\t\t\t<\/label>\r\n\t\t\t\t<label class=\"class\">\r\n\t\t\t\t\t<input type=\"checkbox\" class=\"wpgmza-avoid-highways\" value=\"highways\" name=\"wpgmza_highways_6\" id=\"wpgmza_highways_6\">\r\n\t\t\t\t\tEviter les autoroutes\t\t\t\t<\/label>\r\n\t\t\t\t<label class=\"class\">\r\n\t\t\t\t\t<input type=\"checkbox\" class=\"wpgmza-avoid-ferries\" value=\"ferries\" name=\"wpgmza_ferries_6\" id=\"wpgmza_ferries_6\">\r\n\t\t\t\t\tAvoid Ferries\t\t\t\t<\/label>\r\n\t\t\t<\/div>\r\n\t\t<\/div>\r\n\t\t\r\n\t<\/div>\r\n\t\r\n\t<div class=\"wpgmza-directions-buttons wpgmza-form-field wpgmaps_to_row\">\r\n\t\t<input class=\"wpgmza-get-directions wpgmaps_get_directions\" onclick=\"javascript: ;\" type=\"button\" value=\"Allez\" id=\"6\">\r\n\t\t\r\n\t\t<span class=\"wpgmza-directions-result__buttons\">\r\n\t\t\t<a class=\"wpgmza-print-directions\" style=\"display: none;\" onclick=\"javascript: ;\" mapid=\"6\">\r\n\t\t\t\tImprimer l'itin\u00e9raire\t\t\t<\/a>\r\n\t\t\t\r\n\t\t\t<a class=\"wpgmza-reset-directions\" style=\"display: none;\" onclick=\"javascript: ;\" mapid=\"6\">\r\n\t\t\t\tAnnuler l'itin\u00e9raire\t\t\t<\/a>\r\n\t\t<\/span>\r\n\t<\/div>\r\n<\/div>\r\n\t\t\t\t\r\n\t\t\t\t<div id=\"wpgmaps_directions_notification_6\" style=\"display:none;\">Recherche d'itin\u00e9raire ......<\/div>\r\n\t\t\t\t\r\n\t\t\t\t<div id=\"wpgmaps_directions_reset_6\" style=\"display:none;\">\r\n\r\n\t\t\t\t\t<a href='javascript:void(0)' onclick='wpgmza_reset_directions(6);' id='wpgmaps_reset_directions' title='Annuler l'itin\u00e9raire'>Annuler l'itin\u00e9raire<\/a>\r\n\t\t\t\t\t<br \/>\r\n\t\t\t\t\t<a href='javascript: ;' id='wpgmaps_print_directions_6' target='_blank' title='Imprimer l'itin\u00e9raire'>Imprimer l'itin\u00e9raire<\/a>\r\n\t\t\t\t<\/div>\r\n\t\t\t\t\r\n\t\t\t\t<div id=\"directions_panel_6\"><\/div>\r\n\r\n\t\t\t<\/div><\/a><\/p>\n<p>&nbsp;<\/p>\n<p><strong>C&#8217;est de la place du Trocadero<\/strong> que vous pourrez admirer le mieux l&#8217;\u00e9ternelle beaut\u00e9 de la Tour Eiffel !!! vous atteindrez la Tour Eiffel en descendant les jardins du Trocadero et en traversant le pont d&#8217;Iena.<\/p>\n<p><strong>La Tour Eiffel<\/strong> a \u00e9t\u00e9 construite en deux ans par Gustave Eiffel pour l&#8217;exposition universelle de 1889. D&#8217;une hauteur de 330 m, elle est rest\u00e9e pendant 40 ans le monument le plus \u00e9lev\u00e9 du monde.<\/p>\n<ul>\n<li>Du 3\u00e8me \u00e9tage, ( et m\u00eame du 2\u00e8me \u00e9tage), vous avez une vue extraordinaire sur tout Paris.<\/li>\n<li>Il est fortement conseiller d&#8217;acheter les billets en avance ( jusqu&#8217;\u00e0 2 mois), en particulier si vous voulez monter au 3\u00e8 \u00e9tage. <a title=\"Billets Tour Eiffel\" href=\"https:\/\/ticket.toureiffel.paris\/fr\">Le site officiel c&#8217;est ici\u00a0 <\/a>(Vous pouvez aussi les acheter dans des agences de tourisme, avec des forfaits tout compris)<\/li>\n<li>Les \u00e9tages 1 et 2 peuvent ais\u00e9ment se monter \u00e0 pied (billet n\u00e9cessaire, qu&#8217;on peut acheter sur place<\/li>\n<li>Les entr\u00e9es se trouvent au piliers Sud et Est<img loading=\"lazy\" decoding=\"async\" class=\"alignnone size-medium wp-image-868\" src=\"https:\/\/www.visitparis2024.com\/wp-content\/uploads\/2024\/01\/Tour-Eiffel-plan-densemble-300124-300x197.jpg\" alt=\"\" width=\"300\" height=\"197\" srcset=\"https:\/\/www.visitparis2024.com\/wp-content\/uploads\/2024\/01\/Tour-Eiffel-plan-densemble-300124-300x197.jpg 300w, https:\/\/www.visitparis2024.com\/wp-content\/uploads\/2024\/01\/Tour-Eiffel-plan-densemble-300124-600x395.jpg 600w, https:\/\/www.visitparis2024.com\/wp-content\/uploads\/2024\/01\/Tour-Eiffel-plan-densemble-300124.jpg 605w\" sizes=\"auto, (max-width: 300px) 100vw, 300px\" \/><br \/>\n<h2>S&#8217;orienter sur le parvis<\/h2>\n<ul>\n<li><strong>Pour monter en ascenseur,<\/strong> dirigez-vous vers les piliers EST ou OUEST. Les visiteurs munis de billets devront rep\u00e9rer les files dot\u00e9es d\u2019un drapeau vert, pour acc\u00e9der directement \u00e0 l\u2019entr\u00e9e du pilier. Les visiteurs non munis de billets devront emprunter les files vers les caisses (drapeau jaune). Des caisses sont g\u00e9n\u00e9ralement ouvertes aux 2 piliers.<\/li>\n<li>Les visiteurs souhaitant e<strong>mprunter les escaliers <\/strong>se dirigeront vers le pilier SUD (drapeau bleu). Les visiteurs non munis de billets pourront acc\u00e9der \u00e0 des caisses\u00a0 pour acheter des tickets escalier jusqu\u2019au 2e \u00e9tage ou escalier 2e \u00e9tage + ascenseur jusqu\u2019au sommet (drapeau bleu).<\/li>\n<\/ul>\n<h2>Bars et restaurants<\/h2>\n<ul>\n<li>Possibilit\u00e9 de se restaurer, au 1er et au 2\u00e8me \u00e9tage. <a title=\"Restaurants Tour Eiffel\" href=\"https:\/\/www.restaurants-toureiffel.com\/\">Renseignements ici<\/a><\/li>\n<li>Bar \u00e0 champagne au 3\u00e8me \u00e9tage;<\/li>\n<li>Prix abordables \u00e0 \u00e9lev\u00e9s<\/li>\n<\/ul>\n<p>En quittant\u00a0 la Tour Eiffel, plusieurs bars et restaurants, Avenue de la Bourdonnais ( sortie Est de la Tour Eiffel)<\/p>\n<h2>En sortant de la Tour Eiffel:<\/h2>\n<ul>\n<li>Croisi\u00e8re en bateau sur la Seine<\/li>\n<li>Retour sur les Champs Elys\u00e9es<\/li>\n<li><\/li>\n<\/ul>\n<table style=\"border-collapse: collapse; width: 100%;\">\n<tbody>\n<tr>\n<td style=\"width: 50%;\"><img decoding=\"async\" class=\"alignnone size-medium wp-image-902\" src=\"https:\/\/www.visitparis2024.com\/wp-content\/uploads\/2024\/01\/Tour-Eiffel-2e-etage-b-300x200.jpg\" alt=\"\" width=\"100%\" height=\"200\" srcset=\"https:\/\/www.visitparis2024.com\/wp-content\/uploads\/2024\/01\/Tour-Eiffel-2e-etage-b-300x200.jpg 300w, https:\/\/www.visitparis2024.com\/wp-content\/uploads\/2024\/01\/Tour-Eiffel-2e-etage-b-1024x683.jpg 1024w, https:\/\/www.visitparis2024.com\/wp-content\/uploads\/2024\/01\/Tour-Eiffel-2e-etage-b-768x512.jpg 768w, https:\/\/www.visitparis2024.com\/wp-content\/uploads\/2024\/01\/Tour-Eiffel-2e-etage-b-600x400.jpg 600w, https:\/\/www.visitparis2024.com\/wp-content\/uploads\/2024\/01\/Tour-Eiffel-2e-etage-b-800x533.jpg 800w, https:\/\/www.visitparis2024.com\/wp-content\/uploads\/2024\/01\/Tour-Eiffel-2e-etage-b-227x152.jpg 227w, https:\/\/www.visitparis2024.com\/wp-content\/uploads\/2024\/01\/Tour-Eiffel-2e-etage-b-143x96.jpg 143w, https:\/\/www.visitparis2024.com\/wp-content\/uploads\/2024\/01\/Tour-Eiffel-2e-etage-b-585x390.jpg 585w, https:\/\/www.visitparis2024.com\/wp-content\/uploads\/2024\/01\/Tour-Eiffel-2e-etage-b-385x257.jpg 385w, https:\/\/www.visitparis2024.com\/wp-content\/uploads\/2024\/01\/Tour-Eiffel-2e-etage-b.jpg 1200w\" sizes=\"(max-width: 300px) 100vw, 300px\" \/><\/td>\n<td style=\"width: 50%;\"><img decoding=\"async\" class=\"alignnone size-medium wp-image-901\" src=\"https:\/\/www.visitparis2024.com\/wp-content\/uploads\/2024\/01\/Tour-Eiffel-2e-etage-a-300x200.jpg\" alt=\"\" width=\"100%\" height=\"200\" srcset=\"https:\/\/www.visitparis2024.com\/wp-content\/uploads\/2024\/01\/Tour-Eiffel-2e-etage-a-300x200.jpg 300w, https:\/\/www.visitparis2024.com\/wp-content\/uploads\/2024\/01\/Tour-Eiffel-2e-etage-a-1024x683.jpg 1024w, https:\/\/www.visitparis2024.com\/wp-content\/uploads\/2024\/01\/Tour-Eiffel-2e-etage-a-768x512.jpg 768w, https:\/\/www.visitparis2024.com\/wp-content\/uploads\/2024\/01\/Tour-Eiffel-2e-etage-a-600x400.jpg 600w, https:\/\/www.visitparis2024.com\/wp-content\/uploads\/2024\/01\/Tour-Eiffel-2e-etage-a-800x533.jpg 800w, https:\/\/www.visitparis2024.com\/wp-content\/uploads\/2024\/01\/Tour-Eiffel-2e-etage-a-227x152.jpg 227w, https:\/\/www.visitparis2024.com\/wp-content\/uploads\/2024\/01\/Tour-Eiffel-2e-etage-a-143x96.jpg 143w, https:\/\/www.visitparis2024.com\/wp-content\/uploads\/2024\/01\/Tour-Eiffel-2e-etage-a-585x390.jpg 585w, https:\/\/www.visitparis2024.com\/wp-content\/uploads\/2024\/01\/Tour-Eiffel-2e-etage-a-385x257.jpg 385w, https:\/\/www.visitparis2024.com\/wp-content\/uploads\/2024\/01\/Tour-Eiffel-2e-etage-a.jpg 1200w\" sizes=\"(max-width: 300px) 100vw, 300px\" \/><\/td>\n<\/tr>\n<tr>\n<td style=\"width: 50%;\"><img decoding=\"async\" class=\"alignnone size-medium wp-image-903\" src=\"https:\/\/www.visitparis2024.com\/wp-content\/uploads\/2024\/01\/Tour-Eiffel-3e-etage-300124-300x200.jpg\" alt=\"\" width=\"100%\" height=\"200\" srcset=\"https:\/\/www.visitparis2024.com\/wp-content\/uploads\/2024\/01\/Tour-Eiffel-3e-etage-300124-300x200.jpg 300w, https:\/\/www.visitparis2024.com\/wp-content\/uploads\/2024\/01\/Tour-Eiffel-3e-etage-300124-1024x683.jpg 1024w, https:\/\/www.visitparis2024.com\/wp-content\/uploads\/2024\/01\/Tour-Eiffel-3e-etage-300124-768x512.jpg 768w, https:\/\/www.visitparis2024.com\/wp-content\/uploads\/2024\/01\/Tour-Eiffel-3e-etage-300124-600x400.jpg 600w, https:\/\/www.visitparis2024.com\/wp-content\/uploads\/2024\/01\/Tour-Eiffel-3e-etage-300124-800x533.jpg 800w, https:\/\/www.visitparis2024.com\/wp-content\/uploads\/2024\/01\/Tour-Eiffel-3e-etage-300124-227x152.jpg 227w, https:\/\/www.visitparis2024.com\/wp-content\/uploads\/2024\/01\/Tour-Eiffel-3e-etage-300124-143x96.jpg 143w, https:\/\/www.visitparis2024.com\/wp-content\/uploads\/2024\/01\/Tour-Eiffel-3e-etage-300124-585x390.jpg 585w, https:\/\/www.visitparis2024.com\/wp-content\/uploads\/2024\/01\/Tour-Eiffel-3e-etage-300124-385x257.jpg 385w, https:\/\/www.visitparis2024.com\/wp-content\/uploads\/2024\/01\/Tour-Eiffel-3e-etage-300124.jpg 1200w\" sizes=\"(max-width: 300px) 100vw, 300px\" \/><\/td>\n<td style=\"width: 50%;\"><img decoding=\"async\" class=\"alignnone size-medium wp-image-900\" src=\"https:\/\/www.visitparis2024.com\/wp-content\/uploads\/2024\/01\/Tour-Eiffel-escalier-a-300x200.jpg\" alt=\"\" width=\"100%\" height=\"200\" srcset=\"https:\/\/www.visitparis2024.com\/wp-content\/uploads\/2024\/01\/Tour-Eiffel-escalier-a-300x200.jpg 300w, https:\/\/www.visitparis2024.com\/wp-content\/uploads\/2024\/01\/Tour-Eiffel-escalier-a-1024x683.jpg 1024w, https:\/\/www.visitparis2024.com\/wp-content\/uploads\/2024\/01\/Tour-Eiffel-escalier-a-768x512.jpg 768w, https:\/\/www.visitparis2024.com\/wp-content\/uploads\/2024\/01\/Tour-Eiffel-escalier-a-600x400.jpg 600w, https:\/\/www.visitparis2024.com\/wp-content\/uploads\/2024\/01\/Tour-Eiffel-escalier-a-800x533.jpg 800w, https:\/\/www.visitparis2024.com\/wp-content\/uploads\/2024\/01\/Tour-Eiffel-escalier-a-227x152.jpg 227w, https:\/\/www.visitparis2024.com\/wp-content\/uploads\/2024\/01\/Tour-Eiffel-escalier-a-143x96.jpg 143w, https:\/\/www.visitparis2024.com\/wp-content\/uploads\/2024\/01\/Tour-Eiffel-escalier-a-585x390.jpg 585w, https:\/\/www.visitparis2024.com\/wp-content\/uploads\/2024\/01\/Tour-Eiffel-escalier-a-385x257.jpg 385w, https:\/\/www.visitparis2024.com\/wp-content\/uploads\/2024\/01\/Tour-Eiffel-escalier-a.jpg 1200w\" sizes=\"(max-width: 300px) 100vw, 300px\" \/><\/td>\n<\/tr>\n<\/tbody>\n<\/table>\n<table style=\"border-collapse: collapse; width: 100%;\">\n<tbody>\n<tr>\n<td style=\"width: 25.6872%;\"><\/td>\n<td style=\"width: 51.5464%;\"><img decoding=\"async\" class=\"alignnone size-medium wp-image-910\" src=\"https:\/\/www.visitparis2024.com\/wp-content\/uploads\/2024\/01\/Tour-Eiffel-Pilier-b-300x224.jpg\" alt=\"\" width=\"100%\" height=\"224\" srcset=\"https:\/\/www.visitparis2024.com\/wp-content\/uploads\/2024\/01\/Tour-Eiffel-Pilier-b-300x224.jpg 300w, https:\/\/www.visitparis2024.com\/wp-content\/uploads\/2024\/01\/Tour-Eiffel-Pilier-b-1024x763.jpg 1024w, https:\/\/www.visitparis2024.com\/wp-content\/uploads\/2024\/01\/Tour-Eiffel-Pilier-b-768x572.jpg 768w, https:\/\/www.visitparis2024.com\/wp-content\/uploads\/2024\/01\/Tour-Eiffel-Pilier-b-600x447.jpg 600w, https:\/\/www.visitparis2024.com\/wp-content\/uploads\/2024\/01\/Tour-Eiffel-Pilier-b-800x596.jpg 800w, https:\/\/www.visitparis2024.com\/wp-content\/uploads\/2024\/01\/Tour-Eiffel-Pilier-b-141x106.jpg 141w, https:\/\/www.visitparis2024.com\/wp-content\/uploads\/2024\/01\/Tour-Eiffel-Pilier-b-380x285.jpg 380w, https:\/\/www.visitparis2024.com\/wp-content\/uploads\/2024\/01\/Tour-Eiffel-Pilier-b.jpg 1200w\" sizes=\"(max-width: 300px) 100vw, 300px\" \/><\/td>\n<td style=\"width: 22.7663%;\"><\/td>\n<\/tr>\n<\/tbody>\n<\/table>\n<\/li>\n<\/ul>\n","protected":false},"excerpt":{"rendered":"<p>\u00a0Metro conseill\u00e9: Trocadero \u00a0\u27a1\u00a0Aller \u00e0 la Tour Eiffel (itin\u00e9raires) &nbsp; C&#8217;est de la place du Trocadero que vous pourrez admirer le mieux l&#8217;\u00e9ternelle beaut\u00e9 de la Tour Eiffel !!! vous atteindrez la Tour Eiffel en descendant les jardins du Trocadero et en traversant le pont d&#8217;Iena. La Tour Eiffel a \u00e9t\u00e9 construite en deux ans [&hellip;]<\/p>\n","protected":false},"author":1,"featured_media":0,"parent":731,"menu_order":0,"comment_status":"closed","ping_status":"closed","template":"template-blank.php","meta":{"_monsterinsights_skip_tracking":false,"_monsterinsights_sitenote_active":false,"_monsterinsights_sitenote_note":"","_monsterinsights_sitenote_category":0,"_uf_show_specific_survey":0,"_uf_disable_surveys":false,"footnotes":""},"categories":[],"tags":[],"class_list":["post-860","page","type-page","status-publish","hentry"],"aioseo_notices":[],"_links":{"self":[{"href":"https:\/\/www.visitparis2024.com\/index.php?rest_route=\/wp\/v2\/pages\/860","targetHints":{"allow":["GET"]}}],"collection":[{"href":"https:\/\/www.visitparis2024.com\/index.php?rest_route=\/wp\/v2\/pages"}],"about":[{"href":"https:\/\/www.visitparis2024.com\/index.php?rest_route=\/wp\/v2\/types\/page"}],"author":[{"embeddable":true,"href":"https:\/\/www.visitparis2024.com\/index.php?rest_route=\/wp\/v2\/users\/1"}],"replies":[{"embeddable":true,"href":"https:\/\/www.visitparis2024.com\/index.php?rest_route=%2Fwp%2Fv2%2Fcomments&post=860"}],"version-history":[{"count":55,"href":"https:\/\/www.visitparis2024.com\/index.php?rest_route=\/wp\/v2\/pages\/860\/revisions"}],"predecessor-version":[{"id":1166,"href":"https:\/\/www.visitparis2024.com\/index.php?rest_route=\/wp\/v2\/pages\/860\/revisions\/1166"}],"up":[{"embeddable":true,"href":"https:\/\/www.visitparis2024.com\/index.php?rest_route=\/wp\/v2\/pages\/731"}],"wp:attachment":[{"href":"https:\/\/www.visitparis2024.com\/index.php?rest_route=%2Fwp%2Fv2%2Fmedia&parent=860"}],"wp:term":[{"taxonomy":"category","embeddable":true,"href":"https:\/\/www.visitparis2024.com\/index.php?rest_route=%2Fwp%2Fv2%2Fcategories&post=860"},{"taxonomy":"post_tag","embeddable":true,"href":"https:\/\/www.visitparis2024.com\/index.php?rest_route=%2Fwp%2Fv2%2Ftags&post=860"}],"curies":[{"name":"wp","href":"https:\/\/api.w.org\/{rel}","templated":true}]}}